{"id":5,"date":"2021-02-25T18:53:04","date_gmt":"2021-02-25T15:53:04","guid":{"rendered":"http:\/\/xn--atikmhendislik-ksb.com\/?page_id=5"},"modified":"2025-02-10T18:23:27","modified_gmt":"2025-02-10T15:23:27","slug":"web-sitenizi-bloklar-ile-olusturun","status":"publish","type":"page","link":"https:\/\/xn--atikmhendislik-ksb.com\/","title":{"rendered":"\u0130GDA\u015e Yetkili Firma Do\u011falgaz Projesi ve Onay\u0131"},"content":{"rendered":"\n<h2 class=\"wp-block-heading alignwide has-text-align-center has-text-align-wide has-gigantic-font-size\" style=\"line-height:1.1\">        End\u00fcst\u00fcriyel Do\u011falgaz, Sanayi Do\u011falgaz, Ticari Do\u011falgaz, <\/h2>\n\n\n\n<h2 class=\"wp-block-heading alignwide has-text-align-center has-text-align-wide has-gigantic-font-size\" style=\"line-height:1.1\">Bireysel Konut Do\u011falgaz Tesisat Proje Onay ve M\u00fchendislik Hizmeti i\u00e7in                                                                             Bizi Aray\u0131n&#8230;                                                                                                                                                           0212 681 07 17<\/h2>\n\n\n<div class=\"wp-block-image\">\n<figure class=\"aligncenter size-full\"><img loading=\"lazy\" decoding=\"async\" width=\"204\" height=\"207\" src=\"https:\/\/xn--atikmhendislik-ksb.com\/wp-content\/uploads\/2025\/02\/igdas-yetkili-firma-atik-muhendislik.png\" alt=\"\" class=\"wp-image-1026\"\/><\/figure>\n<\/div>\n\n\n<div class=\"wp-block-columns alignwide are-vertically-aligned-center is-style-twentytwentyone-columns-overlap is-layout-flex wp-container-core-columns-is-layout-9d6595d7 wp-block-columns-is-layout-flex\">\n<div class=\"wp-block-column is-vertically-aligned-center is-layout-flow wp-block-column-is-layout-flow\"><div class=\"wp-block-image is-style-rounded\">\n<figure class=\"aligncenter size-full\"><img loading=\"lazy\" decoding=\"async\" width=\"980\" height=\"225\" src=\"http:\/\/xn--atikmhendislik-ksb.com\/wp-content\/uploads\/2021\/02\/dogalgazprojesi.-1.jpg\" alt=\"Do\u011falgaz Projenizi \u00c7izdirmek \u0130stiyorsan\u0131z Bize ula\u015f\u0131n... 0212 681 07 17\" class=\"wp-image-179\" title=\"Do\u011falgaz Projenizi \u00c7izdirmek \u0130stiyorsan\u0131z Bize ula\u015f\u0131n... 0212 681 07 17\" srcset=\"https:\/\/xn--atikmhendislik-ksb.com\/wp-content\/uploads\/2021\/02\/dogalgazprojesi.-1.jpg 980w, https:\/\/xn--atikmhendislik-ksb.com\/wp-content\/uploads\/2021\/02\/dogalgazprojesi.-1-300x69.jpg 300w, https:\/\/xn--atikmhendislik-ksb.com\/wp-content\/uploads\/2021\/02\/dogalgazprojesi.-1-768x176.jpg 768w\" sizes=\"auto, (max-width: 980px) 100vw, 980px\" \/><figcaption class=\"wp-element-caption\"><br><br><strong><sup>Do\u011falgaz Projenizi \u00c7izdirmek \u0130stiyorsan\u0131z Bize ula\u015f\u0131n&#8230; 0212 681 07 17<\/sup><\/strong><\/figcaption><\/figure>\n<\/div>\n\n\n<figure class=\"wp-block-image alignfull size-large is-style-twentytwentyone-image-frame\"><img loading=\"lazy\" decoding=\"async\" width=\"400\" height=\"300\" src=\"http:\/\/xn--atikmhendislik-ksb.com\/wp-content\/uploads\/2021\/02\/sanayidgaz-3.jpg\" alt=\"\" class=\"wp-image-182\" srcset=\"https:\/\/xn--atikmhendislik-ksb.com\/wp-content\/uploads\/2021\/02\/sanayidgaz-3.jpg 400w, https:\/\/xn--atikmhendislik-ksb.com\/wp-content\/uploads\/2021\/02\/sanayidgaz-3-300x225.jpg 300w\" sizes=\"auto, (max-width: 400px) 100vw, 400px\" \/><figcaption class=\"wp-element-caption\"><br>                        END\u00dcST\u0130R\u0130YEL DO\u011eALGAZ TES\u0130SATI<\/figcaption><\/figure>\n<\/div>\n\n\n\n<div class=\"wp-block-column is-vertically-aligned-center is-layout-flow wp-block-column-is-layout-flow\">\n<figure class=\"wp-block-gallery has-nested-images columns-default is-cropped wp-block-gallery-1 is-layout-flex wp-block-gallery-is-layout-flex\">\n<figure class=\"wp-block-image size-large\"><img loading=\"lazy\" decoding=\"async\" width=\"591\" height=\"472\" data-id=\"1022\" src=\"https:\/\/xn--atikmhendislik-ksb.com\/wp-content\/uploads\/2025\/02\/IGDAS-ANA-SAYFA.jpg\" alt=\"\" class=\"wp-image-1022\" srcset=\"https:\/\/xn--atikmhendislik-ksb.com\/wp-content\/uploads\/2025\/02\/IGDAS-ANA-SAYFA.jpg 591w, https:\/\/xn--atikmhendislik-ksb.com\/wp-content\/uploads\/2025\/02\/IGDAS-ANA-SAYFA-300x240.jpg 300w\" sizes=\"auto, (max-width: 591px) 100vw, 591px\" \/><\/figure>\n<\/figure>\n\n\n\n<div class=\"wp-block-cover aligncenter\"><span aria-hidden=\"true\" class=\"wp-block-cover__background has-background-dim\"><\/span><img loading=\"lazy\" decoding=\"async\" width=\"559\" height=\"419\" class=\"wp-block-cover__image-background wp-image-181\" alt=\"\" src=\"http:\/\/xn--atikmhendislik-ksb.com\/wp-content\/uploads\/2021\/02\/mimarlikproje.png\" data-object-fit=\"cover\" srcset=\"https:\/\/xn--atikmhendislik-ksb.com\/wp-content\/uploads\/2021\/02\/mimarlikproje.png 559w, https:\/\/xn--atikmhendislik-ksb.com\/wp-content\/uploads\/2021\/02\/mimarlikproje-300x225.png 300w\" sizes=\"auto, (max-width: 559px) 100vw, 559px\" \/><div class=\"wp-block-cover__inner-container is-layout-flow wp-block-cover-is-layout-flow\">\n<p><\/p>\n\n\n\n<p class=\"has-text-align-center has-large-font-size\">PROJEN\u0130Z \u0130\u00c7\u0130N B\u0130ZE ULA\u015eIN&#8230; <\/p>\n\n\n\n<p class=\"has-text-align-center has-large-font-size\">0212 681 07 17<\/p>\n\n\n\n<p><\/p>\n<\/div><\/div>\n<\/div>\n<\/div>\n\n\n\n<div class=\"wp-block-group\"><div class=\"wp-block-group__inner-container is-layout-constrained wp-block-group-is-layout-constrained\">\n<div style=\"height:50px\" aria-hidden=\"true\" class=\"wp-block-spacer\"><\/div>\n\n\n\n<figure class=\"wp-block-image size-large\"><img loading=\"lazy\" decoding=\"async\" width=\"1024\" height=\"287\" src=\"https:\/\/xn--atikmhendislik-ksb.com\/wp-content\/uploads\/2025\/02\/ortaresim-1024x287.jpg\" alt=\"\" class=\"wp-image-958\" srcset=\"https:\/\/xn--atikmhendislik-ksb.com\/wp-content\/uploads\/2025\/02\/ortaresim-1024x287.jpg 1024w, https:\/\/xn--atikmhendislik-ksb.com\/wp-content\/uploads\/2025\/02\/ortaresim-300x84.jpg 300w, https:\/\/xn--atikmhendislik-ksb.com\/wp-content\/uploads\/2025\/02\/ortaresim-768x215.jpg 768w, https:\/\/xn--atikmhendislik-ksb.com\/wp-content\/uploads\/2025\/02\/ortaresim-1536x431.jpg 1536w, https:\/\/xn--atikmhendislik-ksb.com\/wp-content\/uploads\/2025\/02\/ortaresim-1800x505.jpg 1800w, https:\/\/xn--atikmhendislik-ksb.com\/wp-content\/uploads\/2025\/02\/ortaresim.jpg 1922w\" sizes=\"auto, (max-width: 1024px) 100vw, 1024px\" \/><\/figure>\n<\/div><\/div>\n\n\n\n<div class=\"wp-block-columns alignwide are-vertically-aligned-top is-layout-flex wp-container-core-columns-is-layout-9d6595d7 wp-block-columns-is-layout-flex\">\n<div class=\"wp-block-column is-vertically-aligned-top is-layout-flow wp-block-column-is-layout-flow\">\n<h3 class=\"wp-block-heading\">End\u00fcst\u00fcriyel Do\u011falgaz Tesisat\u0131<\/h3>\n\n\n\n<p>Buhar Kazan\u0131, Boya F\u0131r\u0131n\u0131, Do\u011falgazl\u0131 Jenarat\u00f6r, Do\u011falgazl\u0131 Kojenerasyon Cihaz\u0131, Y\u00fcksek Kapasiteli F\u0131r\u0131nlar, Y\u00fcksek Kapasiteli Kazanlar ve Proses Cihazlar End\u00fcst\u00fcriyel Tesisler ve B\u00fcy\u00fck T\u00fcketimli Tesisler Proje Onay ve Gz a\u00e7ma Hizmetlerini Kapsamaktad\u0131r.<\/p>\n\n\n\n<figure class=\"wp-block-image size-large\"><img loading=\"lazy\" decoding=\"async\" width=\"1024\" height=\"771\" src=\"https:\/\/xn--atikmhendislik-ksb.com\/wp-content\/uploads\/2025\/02\/umraniye-eah3-1024x771.jpg\" alt=\"\" class=\"wp-image-1028\" srcset=\"https:\/\/xn--atikmhendislik-ksb.com\/wp-content\/uploads\/2025\/02\/umraniye-eah3-1024x771.jpg 1024w, https:\/\/xn--atikmhendislik-ksb.com\/wp-content\/uploads\/2025\/02\/umraniye-eah3-300x226.jpg 300w, https:\/\/xn--atikmhendislik-ksb.com\/wp-content\/uploads\/2025\/02\/umraniye-eah3-768x578.jpg 768w, https:\/\/xn--atikmhendislik-ksb.com\/wp-content\/uploads\/2025\/02\/umraniye-eah3-1536x1156.jpg 1536w, https:\/\/xn--atikmhendislik-ksb.com\/wp-content\/uploads\/2025\/02\/umraniye-eah3.jpg 1600w\" sizes=\"auto, (max-width: 1024px) 100vw, 1024px\" \/><\/figure>\n<\/div>\n\n\n\n<div class=\"wp-block-column is-vertically-aligned-top is-layout-flow wp-block-column-is-layout-flow\">\n<h3 class=\"wp-block-heading\">Sanayi Do\u011falgaz Tesisat\u0131<\/h3>\n\n\n\n<p>\u00dcretim Ama\u00e7l\u0131 Sanayi Cihazlar\u0131 Sanayi Do\u011falgaz Tesisleri bu Alanda Proje Onaylanmas\u0131 ve \u0130GDA\u015e kontrol\u00fcnde uygunlu\u011fu al\u0131narak Proje Onay ve Gz a\u00e7ma i\u015flemleirinizi Takip ediyoruz<\/p>\n\n\n\n<p><\/p>\n\n\n\n<figure class=\"wp-block-image size-large\"><img loading=\"lazy\" decoding=\"async\" width=\"1024\" height=\"771\" src=\"https:\/\/xn--atikmhendislik-ksb.com\/wp-content\/uploads\/2025\/02\/umraniye-eah2-1-1024x771.jpg\" alt=\"\" class=\"wp-image-1035\" srcset=\"https:\/\/xn--atikmhendislik-ksb.com\/wp-content\/uploads\/2025\/02\/umraniye-eah2-1-1024x771.jpg 1024w, https:\/\/xn--atikmhendislik-ksb.com\/wp-content\/uploads\/2025\/02\/umraniye-eah2-1-300x226.jpg 300w, https:\/\/xn--atikmhendislik-ksb.com\/wp-content\/uploads\/2025\/02\/umraniye-eah2-1-768x578.jpg 768w, https:\/\/xn--atikmhendislik-ksb.com\/wp-content\/uploads\/2025\/02\/umraniye-eah2-1-1536x1156.jpg 1536w, https:\/\/xn--atikmhendislik-ksb.com\/wp-content\/uploads\/2025\/02\/umraniye-eah2-1.jpg 1600w\" sizes=\"auto, (max-width: 1024px) 100vw, 1024px\" \/><\/figure>\n<\/div>\n\n\n\n<div class=\"wp-block-column is-vertically-aligned-top is-layout-flow wp-block-column-is-layout-flow\">\n<h3 class=\"wp-block-heading\">Ticari Do\u011falgaz Tesisat\u0131<\/h3>\n\n\n\n<p>Pi\u015firme ama\u00e7l\u0131 Do\u011falgaz Tesisat\u0131 \u00dcretim ama\u00e7l\u0131 do\u011falgaz tesisat\u0131 kullanan Firmalar Ticari Proje Onay ve Gaz a\u00e7ma i\u015flemlerinizi Takip ediyoruz<\/p>\n\n\n\n<p><\/p>\n\n\n\n<figure class=\"wp-block-image size-large\"><img loading=\"lazy\" decoding=\"async\" width=\"1024\" height=\"768\" src=\"https:\/\/xn--atikmhendislik-ksb.com\/wp-content\/uploads\/2025\/02\/adaemprime-1024x768.jpg\" alt=\"\" class=\"wp-image-1037\" srcset=\"https:\/\/xn--atikmhendislik-ksb.com\/wp-content\/uploads\/2025\/02\/adaemprime-1024x768.jpg 1024w, https:\/\/xn--atikmhendislik-ksb.com\/wp-content\/uploads\/2025\/02\/adaemprime-300x225.jpg 300w, https:\/\/xn--atikmhendislik-ksb.com\/wp-content\/uploads\/2025\/02\/adaemprime-768x576.jpg 768w, https:\/\/xn--atikmhendislik-ksb.com\/wp-content\/uploads\/2025\/02\/adaemprime-1536x1152.jpg 1536w, https:\/\/xn--atikmhendislik-ksb.com\/wp-content\/uploads\/2025\/02\/adaemprime.jpg 1600w\" sizes=\"auto, (max-width: 1024px) 100vw, 1024px\" \/><\/figure>\n<\/div>\n<\/div>\n\n\n\n<div class=\"wp-block-columns alignwide are-vertically-aligned-top is-layout-flex wp-container-core-columns-is-layout-9d6595d7 wp-block-columns-is-layout-flex\">\n<div class=\"wp-block-column is-vertically-aligned-top is-layout-flow wp-block-column-is-layout-flow\">\n<p><\/p>\n<\/div>\n<\/div>\n\n\n\n<p class=\"has-text-align-left\">Avrupa Yakas\u0131 Do\u011falgaz Firmalar\u0131,<\/p>\n\n\n\n<p class=\"has-text-align-left\"> Arnavutk\u00f6y Do\u011falgaz Firmalar\u0131, Arnavutk\u00f6y Do\u011falgaz Projesi, Arnavutk\u00f6y Do\u011falgaz Firmalar\u0131, Avrupa Yakas\u0131 Do\u011falgaz M\u00fchendislik Firmalar\u0131, \u0130stanbul Do\u011falgaz M\u00fchendislik Firmalar\u0131, \u0130stanbul Avrupa Yakas\u0131 Do\u011falgaz M\u00fchendislik, Esenyurt Do\u011falgaz Proje \u00c7izim Fiyatlar\u0131, \u0130stanbul Arnavutk\u00f6y Do\u011falgaz Proje, Ba\u015fak\u015fehir Do\u011falgaz Firmalar\u0131, Had\u0131mk\u00f6y Do\u011falgaz Proje, Avrupa Do\u011falgaz Proje \u00c7izimi, Avrupa Yakas\u0131 Do\u011falgaz Proje \u00c7izimi, Kaya\u015fehir Do\u011falgaz Proje \u00c7izimi, Ba\u011fc\u0131lar Do\u011falgaz Proje \u00c7izimi, \u0130stanbul Do\u011falgaz Proje \u00c7izimi, G\u00fcne\u015fli Do\u011falgaz Proje \u00c7izimi, Esenler Do\u011falgaz Proje \u00c7izimi, Gaziosmanpa\u015fa Do\u011falgaz Proje \u00c7izimi, Ey\u00fcpsultan Do\u011falgaz Proje \u00c7izimi, Alibeyk\u00f6y Do\u011falgaz Proje Firmalar\u0131, \u0130stanbul Do\u011falgaz Proje Fiyatlar\u0131, \u0130stanbul Do\u011falgaz Proje Sorgulama, \u0130stanbul Do\u011falgaz Proje, Ka\u011f\u0131thane Do\u011falgaz Projesi, Avrupa Yakas\u0131 Do\u011falgaz Tadilat Projesi, \u0130stanbul Do\u011falgaz Yetkili Firmalar\u0131, \u0130stanbul Gaz A\u00e7t\u0131rma, \u0130stanbul \u0130gda\u015f Aboneli\u011fi, \u0130gda\u015f Anla\u015fmal\u0131 Do\u011falgaz Firmalar\u0131, \u0130gda\u015f Do\u011falgaz, \u0130gda\u015f Do\u011falgaz A\u00e7t\u0131rma, \u0130gda\u015f Do\u011falgaz Firmalar\u0131, \u0130gda\u015f Do\u011falgaz Proje Sorgulama, \u0130gda\u015f Do\u011falgaz Projesi, \u0130gda\u015f Gaz A\u00e7ma, \u0130gda\u015f Gaz A\u00e7ma \u0130\u015flemleri, \u0130gda\u015f Proje \u00c7izimi, \u0130gda\u015f Yetkili Firma, \u0130gda\u015f Yetkili Firmalar Avrupa Yakas\u0131, \u0130gda\u015f Yetkili M\u00fchendis, \u0130stanbul Do\u011falgaz, \u0130stanbul Do\u011falgaz Firmalar\u0131, \u0130stanbul Do\u011falgaz Firmas\u0131, \u0130stanbul Do\u011falgaz Fiyatlar\u0131, \u0130stanbul Do\u011falgaz M\u00fchendislik Firmalar\u0131, \u0130stanbul Do\u011falgaz Proje Yetkili Firmalar, \u0130stanbul Gaz A\u00e7t\u0131rma, \u0130stanbul Arnavutk\u00f6y Do\u011falgaz Firmalar\u0131, \u0130stanbul Kombi Montaj, \u0130stanbul Kombi Montaj Servisi, k\u00fc\u00e7\u00fck\u00e7ekmece Do\u011falgaz Firmalar\u0131, halkal\u0131 Do\u011falgaz Projesi, Bah\u00e7e\u015fehir Do\u011falgaz Firmalar\u0131, Ba\u015fak\u015fehir Do\u011falgaz M\u00fchendisli\u011fi, Kayaba\u015f\u0131 Do\u011falgaz Projesi, Kombi De\u011fi\u015fim Formu, \u0130gda\u015f, Kombi De\u011fi\u015fimi \u0130stanbul, Kombi Montaj Firmalar\u0131 \u0130stanbul, Kombi Montaj Fiyatlar\u0131 \u0130stanbul, Kombi Montaj Beylikd\u00fcz\u00fc, Kombi Montaj Beylikd\u00fcz\u00fc, Kombi Montaj \u00dcsk\u00fcdar, Kombi Montaj Ve Proje Fiyatlar\u0131, \u0130stanbul Kombi Montaj\u0131, Avrupa Yakas\u0131, Kombi Montaj\u0131 \u0130gda\u015f, Kombi Montaj\u0131 \u0130stanbul, Esenyurt Do\u011falgaz Firmalar\u0131, Haramidere Do\u011falgaz Proje, Avc\u0131lar Kombi Montaj, Avc\u0131lar Do\u011falgaz Firmalar\u0131, Avc\u0131lar Do\u011falgaz Proje, Bak\u0131rk\u00f6y Kombi Montaj, Bak\u0131rk\u00f6y Do\u011falgaz Firmalar, Bah\u00e7elievler Do\u011falgaz M\u00fchendisli\u011fi, Bahe\u00e7lievler Do\u011falgaz Proje \u00c7izimi, Sertifikal\u0131 Do\u011falgaz Firmalar\u0131, \u0130stanbul Sultangazi Do\u011falgaz Firmalar\u0131, Sultangazi Do\u011falgaz M\u00fchendislik, Sultangazi Do\u011falgaz Projesi, Sultangazi Kombi Montaj\u0131, Sultangazi Do\u011falgaz Firmalar\u0131, Bak\u0131rk\u00f6y Do\u011falgaz M\u00fchendislik, Tuzla Kombi Montaj, \u00dcmraniye Do\u011falgaz Firmalar\u0131, Arnavutk\u00f6y Do\u011falgazM\u00fchendislik, Arnavutk\u00f6y Do\u011falgaz Proje \u00c7izimi, Arnavutk\u00f6y Kombi Montaj, Arnavutk\u00f6y Do\u011falgaz Firmalar\u0131, Arnavutk\u00f6y Do\u011falgaz Projesi, Yetkili Do\u011falgaz Firmalar\u0131 \u0130stanbul<\/p>\n\n\n\n<p>Anadolu Yakas\u0131 Do\u011falgaz Firmalar\u0131<br>Ata\u015fehir Do\u011falgaz Firmalar\u0131, Ata\u015fehir Do\u011falgaz Projesi, Beykoz Do\u011falgaz Firmalar\u0131, Beykoz Do\u011falgaz Proje, \u00c7ekmek\u00f6y Do\u011falgaz Firmalar\u0131, \u00c7ekmek\u00f6y Do\u011falgaz Proje, Do\u011falgaz M\u00fchendislik Firmalar\u0131, \u0130stanbul Do\u011falgaz M\u00fchendislik Firmalar\u0131, \u0130stanbul Anadolu Yakas\u0131 Do\u011falgaz M\u00fchendislik, \u00dcsk\u00fcdar Do\u011falgaz Proje \u00c7izim Fiyatlar\u0131, \u0130stanbul Do\u011falgaz Proje \u00c7izimi, Anadolu Yakas\u0131 Do\u011falgaz Proje \u00c7izimi, Ata\u015fehir Do\u011falgaz Proje \u00c7izimi, \u00c7ekmek\u00f6y Do\u011falgaz Proje \u00c7izimi, \u0130stanbul Do\u011falgaz Proje \u00c7izimi, Pendik Do\u011falgaz Proje \u00c7izimi, Sancaktepe Do\u011falgaz Proje \u00c7izimi, Sultanbeyli Do\u011falgaz Proje \u00c7izimi, Tuzla Do\u011falgaz Proje \u00c7izimi, \u00dcmraniye Do\u011falgaz Proje Firmalar\u0131, \u0130stanbul Do\u011falgaz Proje Fiyatlar\u0131, \u0130stanbul Do\u011falgaz Proje Sorgulama, \u0130stanbul Do\u011falgaz Proje, Tuzla Do\u011falgaz Projesi, Anadolu Yakas\u0131 Do\u011falgaz Tadilat Projesi, \u0130stanbul Do\u011falgaz Yetkili Firmalar\u0131, \u0130stanbul Gaz A\u00e7t\u0131rma, \u0130stanbul \u0130gda\u015f Aboneli\u011fi, \u0130gda\u015f Anla\u015fmal\u0131 Do\u011falgaz Firmalar\u0131, \u0130gda\u015f Do\u011falgaz, \u0130gda\u015f Do\u011falgaz A\u00e7t\u0131rma, \u0130gda\u015f Do\u011falgaz Firmalar\u0131, \u0130gda\u015f Do\u011falgaz Proje Sorgulama, \u0130gda\u015f Do\u011falgaz Projesi, \u0130gda\u015f Gaz A\u00e7ma\u0130gda\u015f Gaz A\u00e7ma \u0130\u015flemleri, \u0130gda\u015f Proje \u00c7izimi\u0130gda\u015f Yetkili Firma, \u0130gda\u015f Yetkili Firmalar Anadolu Yakas\u0131, \u0130gda\u015f Yetkili M\u00fchendis, \u0130stanbul Do\u011falgaz, \u0130stanbul Do\u011falgaz Firmalar\u0131, \u0130stanbul Do\u011falgaz Firmas\u0131, \u0130stanbul Do\u011falgaz Fiyatlar\u0131, \u0130stanbul Do\u011falgaz M\u00fchendislik Firmalar\u0131, \u0130stanbul Do\u011falgaz Proje Yetkili Firmalar, \u0130stanbul Gaz A\u00e7t\u0131rma, \u0130stanbul Kartal Do\u011falgaz Firmalar\u0131, \u0130stanbul Kombi Montaj, \u0130stanbul Kombi Montaj Servisi, Kad\u0131k\u00f6y Do\u011falgaz Firmalar\u0131, Kad\u0131k\u00f6y Do\u011falgaz ProjesiKartal Do\u011falgaz Firmalar\u0131, Kartal Do\u011falgaz M\u00fchendisli\u011fi, Kartal Do\u011falgaz Projesi, Kombi De\u011fi\u015fim Formu, \u0130gda\u015f, Kombi De\u011fi\u015fimi \u0130stanbul, Kombi Montaj Firmalar\u0131 \u0130stanbul, Kombi Montaj Fiyatlar\u0131 \u0130stanbul, Kombi Montaj Kad\u0131k\u00f6y, Kombi Montaj Maltepe, Kombi Montaj \u00dcsk\u00fcdar, Kombi Montaj Ve Proje Fiyatlar\u0131, \u0130stanbul Kombi Montaj\u0131, Anadolu Yakas\u0131, Kombi Montaj\u0131 \u0130gda\u015f, Kombi Montaj\u0131 \u0130stanbul, Maltepe Do\u011falgaz Firmalar\u0131, Maltepe Do\u011falgaz Proje, Maltepe Kombi Montaj, Pendik Do\u011falgaz Firmalar\u0131, Pendik Do\u011falgaz Proje, Pendik Kombi Montaj, Sancaktepe Do\u011falgaz Firmalar, \u0131Sancaktepe Do\u011falgaz M\u00fchendisli\u011fi, Sancaktepe Do\u011falgaz Proje \u00c7izimi, Sertifikal\u0131 Do\u011falgaz Firmalar\u0131, \u0130stanbul Sultanbeyli Do\u011falgaz Firmalar\u0131, Sultanbeyli Do\u011falgaz M\u00fchendislik, Sultanbeyli Do\u011falgaz Projesi, Sultanbeyli Kombi Montaj\u0131, Tuzla Do\u011falgaz Firmalar\u0131, Tuzla Do\u011falgaz M\u00fchendislik, Tuzla Kombi Montaj, \u00dcmraniye Do\u011falgaz Firmalar\u0131, \u00dcmraniye Do\u011falgaz M\u00fchendislik, \u00dcmraniye Do\u011falgaz Proje \u00c7izimi, \u00dcmraniye Kombi Montaj, \u00dcsk\u00fcdar Do\u011falgaz Firmalar\u0131, \u00dcsk\u00fcdar Do\u011falgaz Projesi, Yetkili Do\u011falgaz Firmalar\u0131 \u0130stanbul<\/p>\n","protected":false},"excerpt":{"rendered":"<p>End\u00fcst\u00fcriyel Do\u011falgaz, Sanayi Do\u011falgaz, Ticari Do\u011falgaz, Bireysel Konut Do\u011falgaz Tesisat Proje Onay ve M\u00fchendislik Hizmeti i\u00e7in Bizi Aray\u0131n&#8230; 0212 681 07 17 End\u00fcst\u00fcriyel Do\u011falgaz Tesisat\u0131 [&#8230;]<\/p>\n","protected":false},"author":1,"featured_media":0,"parent":0,"menu_order":0,"comment_status":"open","ping_status":"closed","template":"","meta":{"footnotes":""},"class_list":["post-5","page","type-page","status-publish","hentry"],"_links":{"self":[{"href":"https:\/\/xn--atikmhendislik-ksb.com\/index.php\/wp-json\/wp\/v2\/pages\/5","targetHints":{"allow":["GET"]}}],"collection":[{"href":"https:\/\/xn--atikmhendislik-ksb.com\/index.php\/wp-json\/wp\/v2\/pages"}],"about":[{"href":"https:\/\/xn--atikmhendislik-ksb.com\/index.php\/wp-json\/wp\/v2\/types\/page"}],"author":[{"embeddable":true,"href":"https:\/\/xn--atikmhendislik-ksb.com\/index.php\/wp-json\/wp\/v2\/users\/1"}],"replies":[{"embeddable":true,"href":"https:\/\/xn--atikmhendislik-ksb.com\/index.php\/wp-json\/wp\/v2\/comments?post=5"}],"version-history":[{"count":23,"href":"https:\/\/xn--atikmhendislik-ksb.com\/index.php\/wp-json\/wp\/v2\/pages\/5\/revisions"}],"predecessor-version":[{"id":1038,"href":"https:\/\/xn--atikmhendislik-ksb.com\/index.php\/wp-json\/wp\/v2\/pages\/5\/revisions\/1038"}],"wp:attachment":[{"href":"https:\/\/xn--atikmhendislik-ksb.com\/index.php\/wp-json\/wp\/v2\/media?parent=5"}],"curies":[{"name":"wp","href":"https:\/\/api.w.org\/{rel}","templated":true}]}}