{"id":387,"date":"2021-03-11T11:19:04","date_gmt":"2021-03-11T08:19:04","guid":{"rendered":"http:\/\/xn--atikmhendislik-ksb.com\/?page_id=387"},"modified":"2025-02-03T02:33:02","modified_gmt":"2025-02-02T23:33:02","slug":"isi-pay-olcer","status":"publish","type":"page","link":"https:\/\/xn--atikmhendislik-ksb.com\/index.php\/isi-pay-olcer\/","title":{"rendered":"ISI PAY \u00d6L\u00c7ER"},"content":{"rendered":"\n<figure class=\"wp-block-image size-large\"><img loading=\"lazy\" decoding=\"async\" width=\"273\" height=\"135\" src=\"http:\/\/xn--atikmhendislik-ksb.com\/wp-content\/uploads\/2021\/03\/image.png\" alt=\"\" class=\"wp-image-388\"\/><\/figure>\n\n\n\n<p>YASAL D\u00dcZENLEME<br>\u201c5627 say\u0131l\u0131 Enerji Verimlili\u011fi Kanunu&#8217;nun \u201c7\u201d nci maddesinin birinci f\u0131kras\u0131n\u0131n (c) bendi ve ge\u00e7ici \u201c6\u201dnc\u0131<br>maddesi gere\u011fince, merkez\u00ee \u0131s\u0131tma sistemine sahip mevcut binalar 02.05.2012 tarihi itibari ile; bina<br>sakinlerinin \u0131s\u0131 t\u00fcketimlerinin bireysel olarak \u00f6l\u00e7\u00fcmlendi\u011fi \u201cPay \u00d6l\u00e7\u00fcm\u201d sistemine ge\u00e7mek zorundad\u0131r.\u201d<\/p>\n\n\n\n<p>Yasal D\u00fczenlemenin Gerek\u00e7esi:<\/p>\n\n\n\n<ul class=\"wp-block-list\">\n<li>\u00dclkemizde t\u00fcketilen do\u011falgaz\u0131n %71\u2019 i konutlarda t\u00fcketilmekte.<\/li>\n\n\n\n<li>Merkezi sistem ile \u0131s\u0131nan konutlarda, do\u011falgaz t\u00fcketimi s\u0131ras\u0131nda ciddi israflar ya\u015fanmakta.<\/li>\n\n\n\n<li>Bireysel t\u00fcketime ba\u011fl\u0131 \u201cIs\u0131 Pay \u00d6l\u00e7\u00fcm\u201d sistemi, d\u00fcnyada 100 y\u0131l\u0131 a\u015fk\u0131n bir s\u00fcredir kullan\u0131lan ve kendini ispatlam\u0131\u015f bir tasarruf modeli.<\/li>\n\n\n\n<li>\u201cIs\u0131 Pay \u00d6l\u00e7\u00fcm\u201d sisteminin yayg\u0131nla\u015fmas\u0131yla beraber, devletimiz konutlarda do\u011falgaz t\u00fcketiminde ciddi tasarruflar elde etmeyi hedeflemekte.<br>YASAL D\u00dcZENLEME YER\u0130NE GET\u0130R\u0130LMEZSE NE OLUR<br>\u0130lgili yasa 2007 y\u0131l\u0131nda haz\u0131rland\u0131 ve bina y\u00f6neticilerine binalar\u0131nda gerekli \u00e7al\u0131\u015fmalar\u0131 tamamlamak i\u00e7in be\u015f sene s\u00fcre tan\u0131d\u0131. S\u00f6z konusu s\u00fcre 2 May\u0131s 2012 tarihinde doldu.<\/li>\n\n\n\n<li>14 Nisan 2008 tarihli, merkezi \u0131s\u0131tma sistemlerinde \u0131s\u0131tma giderlerinin payla\u015ft\u0131r\u0131lmas\u0131na ili\u015fkin y\u00f6netmelik gere\u011fince, 2 May\u0131s 2012 tarihi itibari ile merkezi sistemle \u0131s\u0131nan binalarda \u0131s\u0131 giderleri t\u00fcketime g\u00f6re payla\u015ft\u0131r\u0131lmak zorunda. Bu tarihten sonra \u0131s\u0131 giderlerinin; arsa pay\u0131na, daire say\u0131s\u0131na, petek say\u0131s\u0131na veya ki\u015fi say\u0131s\u0131na g\u00f6re payla\u015ft\u0131r\u0131lmas\u0131 kanunsuz say\u0131lacak.<\/li>\n\n\n\n<li>Binada bireysel \u0131s\u0131 \u00f6l\u00e7\u00fcm sistemine ge\u00e7ilmesinden bina y\u00f6netim kurulu sorumlu. Yasaya ra\u011fmen uygulama yap\u0131lmayan binalarda, daire sahipleri bina y\u00f6netimi hakk\u0131nda kanuna muhalefetten su\u00e7 duyurusunda bulunabilecek.<\/li>\n\n\n\n<li>Yasan\u0131n y\u00fcr\u00fcrl\u00fc\u011fe girmesini takip eden ilk \u0131s\u0131tma d\u00f6neminde (Kas\u0131m 2012) bireysel \u0131s\u0131 \u00f6l\u00e7\u00fcm\u00fc uygulamas\u0131na ge\u00e7ilmemesi durumunda; Is\u0131 paras\u0131 \u00f6demek istemeyen daire sakinleri, \u0131s\u0131 paras\u0131n\u0131n kanuna ayk\u0131r\u0131 b\u00f6l\u00fc\u015ft\u00fcr\u00fcld\u00fc\u011f\u00fcn\u00fc \u00f6ne s\u00fcr\u00fcp, payla\u015f\u0131m kanuna uygun yap\u0131lana kadar \u0131s\u0131 paras\u0131 \u00f6demeyebilirler. B\u00f6yle bir durumda \u0131s\u0131 paras\u0131 \u00f6demeyen daire sakini kanunen hakl\u0131 olaca\u011f\u0131 i\u00e7in, bina y\u00f6netimi ilgili daire sahibini icraya veremez veya faiz tahakkuk ettiremez.<\/li>\n\n\n\n<li>Bakanl\u0131k taraf\u0131ndan yap\u0131lacak denetimler s\u0131ras\u0131nda uygulamaya ge\u00e7meyen binalara idari yapt\u0131r\u0131mlar uygulanacakt\u0131r.<\/li>\n<\/ul>\n\n\n\n<p class=\"has-text-align-center\"><strong>RADYAT\u00d6R BA\u015eI MAL\u0130YET<\/strong><\/p>\n\n\n\n<figure class=\"wp-block-table is-style-regular\"><table><tbody><tr><td>MALZEME C\u0130NS\u0130 A\u00c7IKLAMA<\/td><td>B\u0130R\u0130M F\u0130YAT<\/td><td>ADET<\/td><td>TOPLAM&nbsp;<\/td><\/tr><tr><td>Siemens Is\u0131 Pay\u00f6l\u00e7er: Montaj Dahil<\/td><td>100,00 EUR<\/td><td>1<\/td><td>100,00 EUR<\/td><\/tr><tr><td>Termostatik radyat\u00f6r vanas\u0131: Danfoss, Montaj Dahil<\/td><td>50,00 EUR<\/td><td>1<\/td><td>50,00 EUR<\/td><\/tr><tr><td><\/td><td><\/td><td>TOPLAM<\/td><td>150,00 EUR<\/td><\/tr><tr><td><\/td><td><\/td><td><\/td><td><\/td><\/tr><\/tbody><\/table><\/figure>\n","protected":false},"excerpt":{"rendered":"<p>YASAL D\u00dcZENLEME\u201c5627 say\u0131l\u0131 Enerji Verimlili\u011fi Kanunu&#8217;nun \u201c7\u201d nci maddesinin birinci f\u0131kras\u0131n\u0131n (c) bendi ve ge\u00e7ici \u201c6\u201dnc\u0131maddesi gere\u011fince, merkez\u00ee \u0131s\u0131tma sistemine sahip mevcut binalar 02.05.2012 tarihi [&#8230;]<\/p>\n","protected":false},"author":1,"featured_media":0,"parent":0,"menu_order":0,"comment_status":"closed","ping_status":"closed","template":"","meta":{"footnotes":""},"class_list":["post-387","page","type-page","status-publish","hentry"],"_links":{"self":[{"href":"https:\/\/xn--atikmhendislik-ksb.com\/index.php\/wp-json\/wp\/v2\/pages\/387","targetHints":{"allow":["GET"]}}],"collection":[{"href":"https:\/\/xn--atikmhendislik-ksb.com\/index.php\/wp-json\/wp\/v2\/pages"}],"about":[{"href":"https:\/\/xn--atikmhendislik-ksb.com\/index.php\/wp-json\/wp\/v2\/types\/page"}],"author":[{"embeddable":true,"href":"https:\/\/xn--atikmhendislik-ksb.com\/index.php\/wp-json\/wp\/v2\/users\/1"}],"replies":[{"embeddable":true,"href":"https:\/\/xn--atikmhendislik-ksb.com\/index.php\/wp-json\/wp\/v2\/comments?post=387"}],"version-history":[{"count":2,"href":"https:\/\/xn--atikmhendislik-ksb.com\/index.php\/wp-json\/wp\/v2\/pages\/387\/revisions"}],"predecessor-version":[{"id":990,"href":"https:\/\/xn--atikmhendislik-ksb.com\/index.php\/wp-json\/wp\/v2\/pages\/387\/revisions\/990"}],"wp:attachment":[{"href":"https:\/\/xn--atikmhendislik-ksb.com\/index.php\/wp-json\/wp\/v2\/media?parent=387"}],"curies":[{"name":"wp","href":"https:\/\/api.w.org\/{rel}","templated":true}]}}