{"id":2,"date":"2021-02-25T18:28:37","date_gmt":"2021-02-25T15:28:37","guid":{"rendered":"http:\/\/xn--atikmhendislik-ksb.com\/?page_id=2"},"modified":"2025-02-03T01:56:44","modified_gmt":"2025-02-02T22:56:44","slug":"ornek-sayfa","status":"publish","type":"page","link":"https:\/\/xn--atikmhendislik-ksb.com\/index.php\/ornek-sayfa\/","title":{"rendered":"Atik M\u00fchendislik"},"content":{"rendered":"\n<p><strong>2002 Y\u0131l\u0131ndan itibaren Do\u011falgaz Tesisat Sekt\u00f6r\u00fcnde<\/strong><\/p>\n\n\n\n<p><strong>\u00c7al\u0131\u015farak Tecr\u00fcbe Kazanmam\u0131z neticesinde,<\/strong><\/p>\n\n\n\n<p><strong>Bu tecr\u00fcbe ve bilgi birikimimiz ile 2021 Y\u0131l\u0131nda &#8221;AT\u0130K\u00a0M\u00fchendislik&#8221;<\/strong> <strong>isimli Firmam\u0131z\u0131 kurmu\u015f bulunmaktay\u0131z.<\/strong><\/p>\n\n\n\n<p><strong>\u00d6nceli\u011fimiz m\u00fc\u015fteri memnuniyetini sa\u011flamakt\u0131r &nbsp;<\/strong><\/p>\n\n\n\n<p><strong>M\u00fc\u015fterilerimize en iyi hizmeti vermektir. Do\u011fruluk ve D\u00fcr\u00fcstl\u00fck \u00e7er\u00e7evesi i\u00e7erisinde, en iyi ve en kaliteli Hizmeti Sunmaya \u00e7al\u0131\u015faca\u011f\u0131m\u0131z\u0131 m\u00fc\u015fterilerimize Taahh\u00fct etmekteyiz.<\/strong><\/p>\n\n\n\n<p><strong>Ekiplerimiz ve \u00e7al\u0131\u015fanlar\u0131m\u0131z\u0131 bu do\u011frultuda e\u011fitimler verilerek i\u015f planlar\u0131m\u0131z ve i\u015f disiplinimizi Kalitemizi ispatlayaca\u011f\u0131z.<\/strong><\/p>\n\n\n\n<p><strong>Sekt\u00f6rde Marka olmak i\u00e7in t\u00fcm enerjimizi verece\u011fiz..<\/strong><\/p>\n\n\n\n<p><strong>\u0130stanbul&#8217;da Hizmet verdi\u011fimiz \u0130l\u00e7eler;<\/strong><\/p>\n\n\n\n<p><strong>AVRUPA YAKASI; Arnavutk\u00f6y, Had\u0131mk\u00f6y, Gaziosmanpa\u015fa, Ba\u011fc\u0131lar, \u0130kitelli, Ba\u015fak\u015fehir,<\/strong><\/p>\n\n\n\n<p><strong>Alibeyk\u00f6y, Kemerburgaz, Ey\u00fcp, Ka\u011f\u0131thane,&nbsp;<\/strong><strong>Sar\u0131yer (Bah\u00e7ek\u00f6y, Uskumruk\u00f6y, Demircik\u00f6y, Zekeriyak\u00f6y)<\/strong><\/p>\n\n\n\n<p><strong>Bah\u00e7e\u015fehir, Esenyurt, Avc\u0131lar, K\u00fc\u00e7\u00fck\u00e7ekmece, B\u00fcy\u00fck\u00e7ekmece, Silivri<\/strong><\/p>\n\n\n\n<p><\/p>\n","protected":false},"excerpt":{"rendered":"<p>2002 Y\u0131l\u0131ndan itibaren Do\u011falgaz Tesisat Sekt\u00f6r\u00fcnde \u00c7al\u0131\u015farak Tecr\u00fcbe Kazanmam\u0131z neticesinde, Bu tecr\u00fcbe ve bilgi birikimimiz ile 2021 Y\u0131l\u0131nda &#8221;AT\u0130K\u00a0M\u00fchendislik&#8221; isimli Firmam\u0131z\u0131 kurmu\u015f bulunmaktay\u0131z. \u00d6nceli\u011fimiz m\u00fc\u015fteri [&#8230;]<\/p>\n","protected":false},"author":1,"featured_media":10,"parent":0,"menu_order":0,"comment_status":"closed","ping_status":"open","template":"","meta":{"footnotes":""},"class_list":["post-2","page","type-page","status-publish","has-post-thumbnail","hentry"],"_links":{"self":[{"href":"https:\/\/xn--atikmhendislik-ksb.com\/index.php\/wp-json\/wp\/v2\/pages\/2","targetHints":{"allow":["GET"]}}],"collection":[{"href":"https:\/\/xn--atikmhendislik-ksb.com\/index.php\/wp-json\/wp\/v2\/pages"}],"about":[{"href":"https:\/\/xn--atikmhendislik-ksb.com\/index.php\/wp-json\/wp\/v2\/types\/page"}],"author":[{"embeddable":true,"href":"https:\/\/xn--atikmhendislik-ksb.com\/index.php\/wp-json\/wp\/v2\/users\/1"}],"replies":[{"embeddable":true,"href":"https:\/\/xn--atikmhendislik-ksb.com\/index.php\/wp-json\/wp\/v2\/comments?post=2"}],"version-history":[{"count":6,"href":"https:\/\/xn--atikmhendislik-ksb.com\/index.php\/wp-json\/wp\/v2\/pages\/2\/revisions"}],"predecessor-version":[{"id":955,"href":"https:\/\/xn--atikmhendislik-ksb.com\/index.php\/wp-json\/wp\/v2\/pages\/2\/revisions\/955"}],"wp:featuredmedia":[{"embeddable":true,"href":"https:\/\/xn--atikmhendislik-ksb.com\/index.php\/wp-json\/wp\/v2\/media\/10"}],"wp:attachment":[{"href":"https:\/\/xn--atikmhendislik-ksb.com\/index.php\/wp-json\/wp\/v2\/media?parent=2"}],"curies":[{"name":"wp","href":"https:\/\/api.w.org\/{rel}","templated":true}]}}