{"id":129,"date":"2021-02-26T00:39:16","date_gmt":"2021-02-25T21:39:16","guid":{"rendered":"http:\/\/xn--atikmhendislik-ksb.com\/?page_id=129"},"modified":"2021-02-26T12:37:53","modified_gmt":"2021-02-26T09:37:53","slug":"onemli-bilgiler","status":"publish","type":"page","link":"https:\/\/xn--atikmhendislik-ksb.com\/index.php\/onemli-bilgiler\/","title":{"rendered":"\u00d6NEML\u0130 B\u0130LG\u0130LER"},"content":{"rendered":"\n<h2 class=\"wp-block-heading\">Do\u011falgaz Hizmetleri<\/h2>\n\n\n\n<p>Projeye ba\u011fl\u0131 kalarak yap\u0131lan \u00e7al\u0131\u015fmalar sayesinde k\u0131sa s\u00fcre i\u00e7erisinde mekanik tesisat\u0131n kullan\u0131ma haz\u0131r hale getirilmesi sa\u011flanmaktad\u0131r.<\/p>\n\n\n\n<p><strong>\u0130stanbul Mekanik Tesisat Fiyatlar\u0131<\/strong><\/p>\n\n\n\n<p>\u0130stanbul genelinde hizmet vermekte olan firmam\u0131z ger\u00e7ekle\u015ftirilecek \u00e7al\u0131\u015fmalar dahilinde \u00f6zellikle yeni binalarda tesisat\u0131n sorunsuz \u015fekilde d\u00f6\u015fenmesini sa\u011flarken eski binalarda yap\u0131lacak olan tadilat \u00e7al\u0131\u015fmalar\u0131n\u0131n sorunsuz \u015fekilde yap\u0131lmas\u0131n\u0131 sa\u011flamaktad\u0131r. Yeterli bilgi ve deneyime sahip olan yetkili m\u00fchendislerimiz taraf\u0131ndan haz\u0131rlanacak olan projelere ba\u011fl\u0131 kalarak \u00e7al\u0131\u015fma yap\u0131lmaktad\u0131r. Fiyatlar konusunda bilgi almak isteyenler i\u00e7in firmam\u0131z haz\u0131rlam\u0131\u015f oldu\u011fu teklifler \u00fczerinden onay vermeniz durumunda gerekli \u00e7al\u0131\u015fmalara ba\u015flamaktad\u0131r.<\/p>\n\n\n\n<p>En iyi fiyat se\u00e7enekleriyle hizmet almak isteyenler i\u00e7in firmam\u0131z\u00a0<strong>\u0130stanbul Do\u011falgaz tesisat\u00a0<\/strong>\u00e7al\u0131\u015fmalar\u0131na uygun fiyatlar \u00fczerinden yapmaktad\u0131r. Proje \u00e7izim a\u015famas\u0131n\u0131n tamamlanmas\u0131ndan ard\u0131ndan onaylanmas\u0131yla birlikte gerekli \u00e7al\u0131\u015fmalara ba\u015flamaktad\u0131r. Al\u0131nan \u00f6l\u00e7\u00fcler \u00fczerinden haz\u0131rlanacak olan projeler \u00f6zellikle bina i\u00e7erisinde kullanaca\u011f\u0131n\u0131z tesisat\u0131n ihtiya\u00e7 duydu\u011funuz \u015fekilde haz\u0131rlanmas\u0131n\u0131 sa\u011flamaktad\u0131r. Firmam\u0131z taraf\u0131ndan her \u00e7al\u0131\u015fma prosed\u00fcre uygun \u015fekilde yap\u0131lmaktad\u0131r.<\/p>\n","protected":false},"excerpt":{"rendered":"<p>Do\u011falgaz Hizmetleri Projeye ba\u011fl\u0131 kalarak yap\u0131lan \u00e7al\u0131\u015fmalar sayesinde k\u0131sa s\u00fcre i\u00e7erisinde mekanik tesisat\u0131n kullan\u0131ma haz\u0131r hale getirilmesi sa\u011flanmaktad\u0131r. \u0130stanbul Mekanik Tesisat Fiyatlar\u0131 \u0130stanbul genelinde hizmet [&#8230;]<\/p>\n","protected":false},"author":1,"featured_media":0,"parent":0,"menu_order":0,"comment_status":"closed","ping_status":"closed","template":"","meta":{"footnotes":""},"class_list":["post-129","page","type-page","status-publish","hentry"],"_links":{"self":[{"href":"https:\/\/xn--atikmhendislik-ksb.com\/index.php\/wp-json\/wp\/v2\/pages\/129","targetHints":{"allow":["GET"]}}],"collection":[{"href":"https:\/\/xn--atikmhendislik-ksb.com\/index.php\/wp-json\/wp\/v2\/pages"}],"about":[{"href":"https:\/\/xn--atikmhendislik-ksb.com\/index.php\/wp-json\/wp\/v2\/types\/page"}],"author":[{"embeddable":true,"href":"https:\/\/xn--atikmhendislik-ksb.com\/index.php\/wp-json\/wp\/v2\/users\/1"}],"replies":[{"embeddable":true,"href":"https:\/\/xn--atikmhendislik-ksb.com\/index.php\/wp-json\/wp\/v2\/comments?post=129"}],"version-history":[{"count":3,"href":"https:\/\/xn--atikmhendislik-ksb.com\/index.php\/wp-json\/wp\/v2\/pages\/129\/revisions"}],"predecessor-version":[{"id":177,"href":"https:\/\/xn--atikmhendislik-ksb.com\/index.php\/wp-json\/wp\/v2\/pages\/129\/revisions\/177"}],"wp:attachment":[{"href":"https:\/\/xn--atikmhendislik-ksb.com\/index.php\/wp-json\/wp\/v2\/media?parent=129"}],"curies":[{"name":"wp","href":"https:\/\/api.w.org\/{rel}","templated":true}]}}