{"id":106,"date":"2021-02-25T23:53:16","date_gmt":"2021-02-25T20:53:16","guid":{"rendered":"http:\/\/xn--atikmhendislik-ksb.com\/?page_id=106"},"modified":"2025-02-03T02:56:31","modified_gmt":"2025-02-02T23:56:31","slug":"referanslarimiz","status":"publish","type":"page","link":"https:\/\/xn--atikmhendislik-ksb.com\/index.php\/referanslarimiz\/","title":{"rendered":"REFERANSLARIMIZ"},"content":{"rendered":"\n<figure data-wp-context=\"{&quot;imageId&quot;:&quot;69d430c5cd085&quot;}\" data-wp-interactive=\"core\/image\" data-wp-key=\"69d430c5cd085\" class=\"wp-block-image size-full wp-lightbox-container\"><img loading=\"lazy\" decoding=\"async\" width=\"960\" height=\"720\" data-wp-class--hide=\"state.isContentHidden\" data-wp-class--show=\"state.isContentVisible\" data-wp-init=\"callbacks.setButtonStyles\" data-wp-on--click=\"actions.showLightbox\" data-wp-on--load=\"callbacks.setButtonStyles\" data-wp-on-window--resize=\"callbacks.setButtonStyles\" src=\"https:\/\/xn--atikmhendislik-ksb.com\/wp-content\/uploads\/2025\/02\/Slayt1.jpg\" alt=\"\" class=\"wp-image-948\" srcset=\"https:\/\/xn--atikmhendislik-ksb.com\/wp-content\/uploads\/2025\/02\/Slayt1.jpg 960w, https:\/\/xn--atikmhendislik-ksb.com\/wp-content\/uploads\/2025\/02\/Slayt1-300x225.jpg 300w, https:\/\/xn--atikmhendislik-ksb.com\/wp-content\/uploads\/2025\/02\/Slayt1-768x576.jpg 768w\" sizes=\"auto, (max-width: 960px) 100vw, 960px\" \/><button\n\t\t\tclass=\"lightbox-trigger\"\n\t\t\ttype=\"button\"\n\t\t\taria-haspopup=\"dialog\"\n\t\t\taria-label=\"B\u00fcy\u00fct\"\n\t\t\tdata-wp-init=\"callbacks.initTriggerButton\"\n\t\t\tdata-wp-on--click=\"actions.showLightbox\"\n\t\t\tdata-wp-style--right=\"state.imageButtonRight\"\n\t\t\tdata-wp-style--top=\"state.imageButtonTop\"\n\t\t>\n\t\t\t<svg xmlns=\"http:\/\/www.w3.org\/2000\/svg\" width=\"12\" height=\"12\" fill=\"none\" viewBox=\"0 0 12 12\">\n\t\t\t\t<path fill=\"#fff\" d=\"M2 0a2 2 0 0 0-2 2v2h1.5V2a.5.5 0 0 1 .5-.5h2V0H2Zm2 10.5H2a.5.5 0 0 1-.5-.5V8H0v2a2 2 0 0 0 2 2h2v-1.5ZM8 12v-1.5h2a.5.5 0 0 0 .5-.5V8H12v2a2 2 0 0 1-2 2H8Zm2-12a2 2 0 0 1 2 2v2h-1.5V2a.5.5 0 0 0-.5-.5H8V0h2Z\" \/>\n\t\t\t<\/svg>\n\t\t<\/button><\/figure>\n\n\n\n<figure class=\"wp-block-gallery has-nested-images columns-default is-cropped wp-block-gallery-1 is-layout-flex wp-block-gallery-is-layout-flex\">\n<figure data-wp-context=\"{&quot;imageId&quot;:&quot;69d430c5cd7e5&quot;}\" data-wp-interactive=\"core\/image\" data-wp-key=\"69d430c5cd7e5\" class=\"wp-block-image size-large wp-lightbox-container\"><img loading=\"lazy\" decoding=\"async\" width=\"960\" height=\"720\" data-wp-class--hide=\"state.isContentHidden\" data-wp-class--show=\"state.isContentVisible\" data-wp-init=\"callbacks.setButtonStyles\" data-wp-on--click=\"actions.showLightbox\" data-wp-on--load=\"callbacks.setButtonStyles\" data-wp-on-window--resize=\"callbacks.setButtonStyles\" data-id=\"949\" src=\"https:\/\/xn--atikmhendislik-ksb.com\/wp-content\/uploads\/2025\/02\/Slayt2.jpg\" alt=\"\" class=\"wp-image-949\" srcset=\"https:\/\/xn--atikmhendislik-ksb.com\/wp-content\/uploads\/2025\/02\/Slayt2.jpg 960w, https:\/\/xn--atikmhendislik-ksb.com\/wp-content\/uploads\/2025\/02\/Slayt2-300x225.jpg 300w, https:\/\/xn--atikmhendislik-ksb.com\/wp-content\/uploads\/2025\/02\/Slayt2-768x576.jpg 768w\" sizes=\"auto, (max-width: 960px) 100vw, 960px\" \/><button\n\t\t\tclass=\"lightbox-trigger\"\n\t\t\ttype=\"button\"\n\t\t\taria-haspopup=\"dialog\"\n\t\t\taria-label=\"B\u00fcy\u00fct\"\n\t\t\tdata-wp-init=\"callbacks.initTriggerButton\"\n\t\t\tdata-wp-on--click=\"actions.showLightbox\"\n\t\t\tdata-wp-style--right=\"state.imageButtonRight\"\n\t\t\tdata-wp-style--top=\"state.imageButtonTop\"\n\t\t>\n\t\t\t<svg xmlns=\"http:\/\/www.w3.org\/2000\/svg\" width=\"12\" height=\"12\" fill=\"none\" viewBox=\"0 0 12 12\">\n\t\t\t\t<path fill=\"#fff\" d=\"M2 0a2 2 0 0 0-2 2v2h1.5V2a.5.5 0 0 1 .5-.5h2V0H2Zm2 10.5H2a.5.5 0 0 1-.5-.5V8H0v2a2 2 0 0 0 2 2h2v-1.5ZM8 12v-1.5h2a.5.5 0 0 0 .5-.5V8H12v2a2 2 0 0 1-2 2H8Zm2-12a2 2 0 0 1 2 2v2h-1.5V2a.5.5 0 0 0-.5-.5H8V0h2Z\" \/>\n\t\t\t<\/svg>\n\t\t<\/button><\/figure>\n<\/figure>\n\n\n\n<figure data-wp-context=\"{&quot;imageId&quot;:&quot;69d430c5ce5c2&quot;}\" data-wp-interactive=\"core\/image\" data-wp-key=\"69d430c5ce5c2\" class=\"wp-block-image size-full wp-lightbox-container\"><img loading=\"lazy\" decoding=\"async\" width=\"960\" height=\"720\" data-wp-class--hide=\"state.isContentHidden\" data-wp-class--show=\"state.isContentVisible\" data-wp-init=\"callbacks.setButtonStyles\" data-wp-on--click=\"actions.showLightbox\" data-wp-on--load=\"callbacks.setButtonStyles\" data-wp-on-window--resize=\"callbacks.setButtonStyles\" src=\"https:\/\/xn--atikmhendislik-ksb.com\/wp-content\/uploads\/2025\/02\/Slayt3.jpg\" alt=\"\" class=\"wp-image-951\" srcset=\"https:\/\/xn--atikmhendislik-ksb.com\/wp-content\/uploads\/2025\/02\/Slayt3.jpg 960w, https:\/\/xn--atikmhendislik-ksb.com\/wp-content\/uploads\/2025\/02\/Slayt3-300x225.jpg 300w, https:\/\/xn--atikmhendislik-ksb.com\/wp-content\/uploads\/2025\/02\/Slayt3-768x576.jpg 768w\" sizes=\"auto, (max-width: 960px) 100vw, 960px\" \/><button\n\t\t\tclass=\"lightbox-trigger\"\n\t\t\ttype=\"button\"\n\t\t\taria-haspopup=\"dialog\"\n\t\t\taria-label=\"B\u00fcy\u00fct\"\n\t\t\tdata-wp-init=\"callbacks.initTriggerButton\"\n\t\t\tdata-wp-on--click=\"actions.showLightbox\"\n\t\t\tdata-wp-style--right=\"state.imageButtonRight\"\n\t\t\tdata-wp-style--top=\"state.imageButtonTop\"\n\t\t>\n\t\t\t<svg xmlns=\"http:\/\/www.w3.org\/2000\/svg\" width=\"12\" height=\"12\" fill=\"none\" viewBox=\"0 0 12 12\">\n\t\t\t\t<path fill=\"#fff\" d=\"M2 0a2 2 0 0 0-2 2v2h1.5V2a.5.5 0 0 1 .5-.5h2V0H2Zm2 10.5H2a.5.5 0 0 1-.5-.5V8H0v2a2 2 0 0 0 2 2h2v-1.5ZM8 12v-1.5h2a.5.5 0 0 0 .5-.5V8H12v2a2 2 0 0 1-2 2H8Zm2-12a2 2 0 0 1 2 2v2h-1.5V2a.5.5 0 0 0-.5-.5H8V0h2Z\" \/>\n\t\t\t<\/svg>\n\t\t<\/button><\/figure>\n\n\n\n<figure data-wp-context=\"{&quot;imageId&quot;:&quot;69d430c5cea68&quot;}\" data-wp-interactive=\"core\/image\" data-wp-key=\"69d430c5cea68\" class=\"wp-block-image size-full wp-lightbox-container\"><img loading=\"lazy\" decoding=\"async\" width=\"960\" height=\"720\" data-wp-class--hide=\"state.isContentHidden\" data-wp-class--show=\"state.isContentVisible\" data-wp-init=\"callbacks.setButtonStyles\" data-wp-on--click=\"actions.showLightbox\" data-wp-on--load=\"callbacks.setButtonStyles\" data-wp-on-window--resize=\"callbacks.setButtonStyles\" src=\"https:\/\/xn--atikmhendislik-ksb.com\/wp-content\/uploads\/2025\/02\/Slayt4.jpg\" alt=\"\" class=\"wp-image-952\" srcset=\"https:\/\/xn--atikmhendislik-ksb.com\/wp-content\/uploads\/2025\/02\/Slayt4.jpg 960w, https:\/\/xn--atikmhendislik-ksb.com\/wp-content\/uploads\/2025\/02\/Slayt4-300x225.jpg 300w, https:\/\/xn--atikmhendislik-ksb.com\/wp-content\/uploads\/2025\/02\/Slayt4-768x576.jpg 768w\" sizes=\"auto, (max-width: 960px) 100vw, 960px\" \/><button\n\t\t\tclass=\"lightbox-trigger\"\n\t\t\ttype=\"button\"\n\t\t\taria-haspopup=\"dialog\"\n\t\t\taria-label=\"B\u00fcy\u00fct\"\n\t\t\tdata-wp-init=\"callbacks.initTriggerButton\"\n\t\t\tdata-wp-on--click=\"actions.showLightbox\"\n\t\t\tdata-wp-style--right=\"state.imageButtonRight\"\n\t\t\tdata-wp-style--top=\"state.imageButtonTop\"\n\t\t>\n\t\t\t<svg xmlns=\"http:\/\/www.w3.org\/2000\/svg\" width=\"12\" height=\"12\" fill=\"none\" viewBox=\"0 0 12 12\">\n\t\t\t\t<path fill=\"#fff\" d=\"M2 0a2 2 0 0 0-2 2v2h1.5V2a.5.5 0 0 1 .5-.5h2V0H2Zm2 10.5H2a.5.5 0 0 1-.5-.5V8H0v2a2 2 0 0 0 2 2h2v-1.5ZM8 12v-1.5h2a.5.5 0 0 0 .5-.5V8H12v2a2 2 0 0 1-2 2H8Zm2-12a2 2 0 0 1 2 2v2h-1.5V2a.5.5 0 0 0-.5-.5H8V0h2Z\" \/>\n\t\t\t<\/svg>\n\t\t<\/button><\/figure>\n\n\n\n<figure class=\"wp-block-image size-full\"><img loading=\"lazy\" decoding=\"async\" width=\"960\" height=\"720\" src=\"https:\/\/xn--atikmhendislik-ksb.com\/wp-content\/uploads\/2025\/02\/Slayt5.jpg\" alt=\"\" class=\"wp-image-953\" srcset=\"https:\/\/xn--atikmhendislik-ksb.com\/wp-content\/uploads\/2025\/02\/Slayt5.jpg 960w, https:\/\/xn--atikmhendislik-ksb.com\/wp-content\/uploads\/2025\/02\/Slayt5-300x225.jpg 300w, https:\/\/xn--atikmhendislik-ksb.com\/wp-content\/uploads\/2025\/02\/Slayt5-768x576.jpg 768w\" sizes=\"auto, (max-width: 960px) 100vw, 960px\" \/><\/figure>\n\n\n\n<figure class=\"wp-block-table is-style-stripes\"><table class=\"has-fixed-layout\"><tbody><tr><td>M\u00dc\u015eTER\u0130 B\u0130LG\u0130LER\u0130<\/td><td>\u0130\u015e YAPIM TAR\u0130H\u0130<\/td><td>YAPILAN \u0130\u015e<\/td><\/tr><tr><td>CONRAD OTEL-BE\u015e\u0130KTA\u015e <\/td><td>2013 YILI<\/td><td>END\u00dcSTR\u0130YEL DO\u011eALGAZ TAD\u0130LAT PROJES\u0130<\/td><\/tr><tr><td>V\u0130APORT VANEZ\u0130A-HD \u0130SKENDER KARTAL <\/td><td>2014 YILI<\/td><td>END\u00dcSTR\u0130YEL DO\u011eALGAZ TAD\u0130LAT PROJES\u0130<\/td><\/tr><tr><td>AKBATI AVM-HD \u0130SKENDER-ESENKENT <\/td><td>2014 YILI<\/td><td>END\u00dcSTR\u0130YEL DO\u011eALGAZ TAD\u0130LAT PROJES\u0130<\/td><\/tr><tr><td>\u00d6Z SE\u00c7 PETROL \u0130STASYONU-BOLLUCA <\/td><td>2015 YILI<\/td><td>END\u00dcSTR\u0130YEL DO\u011eALGAZ TAD\u0130LAT PROJES\u0130<\/td><\/tr><tr><td>PANOTO RADYAT\u00d6R-BEYL\u0130KD\u00dcZ\u00dc OSB <\/td><td>2015 YILI<\/td><td>MERKEZ\u0130-ISITMA KAZAN DA\u0130RES\u0130<\/td><\/tr><tr><td>KARAYOLLARI 17. B\u00d6LGE H\u0130ZMET B\u0130NASI-G.O.P. <\/td><td>2016 YILI<\/td><td>END\u00dcSTR\u0130YEL DO\u011eALGAZ TAD\u0130LAT PROJES\u0130<\/td><\/tr><tr><td>MERCEDES MENGERLER-DAVUTPA\u015eA<\/td><td>2016 YILI<\/td><td>END\u00dcSTR\u0130YEL DO\u011eALGAZ TAD\u0130LAT PROJES\u0130<\/td><\/tr><tr><td>T\u00dcVT\u00dcRK MUAYENE \u0130STASYONU-HARA\u00c7\u00c7I <\/td><td>2018 YILI<\/td><td>&nbsp;T\u0130CAR\u0130 DO\u011eALGAZ TES\u0130SATI<\/td><\/tr><tr><td>JANDARMA B\u00d6LGE KOMUTANLI\u011eI-\u00c7ATALCA KARAKOLU <\/td><td>2018 YILI<\/td><td>MERKEZ\u0130 ISITMA DO\u011eALGAZ PROJES\u0130<\/td><\/tr><tr><td>RAVZA CAM\u0130\u0130-SULTANGAZ\u0130<\/td><td>2019 YILI<\/td><td>MERKEZ\u0130 ISITMA DO\u011eALGAZ PROJES\u0130-YERDEN ISITMA PROJES\u0130<\/td><\/tr><tr><td>SER\u0130CO YAPI MALZEMELER\u0130-HADIMK\u00d6Y <\/td><td>2020 YILI<\/td><td>END\u00dcSTR\u0130YEL DO\u011eALGAZ TAD\u0130LAT PROJES\u0130<\/td><\/tr><tr><td>\u00d6ZEL B\u0130LGE KALEM KOLEJ\u0130-ARNAVUTK\u00d6Y <\/td><td>2020 YILI<\/td><td>MERKEZ\u0130 S\u0130STEM ISITMA DO\u011eALGAZ PROJES\u0130<\/td><\/tr><\/tbody><\/table><figcaption class=\"wp-element-caption\">REFERANSLARIMIZ ARASINDA OLAN BAZI F\u0130RMALARI TARAFINIZA B\u0130LG\u0130 AMA\u00c7LI SUNMAKTAYIZ. SORUNSUZ B\u0130R \u015eEK\u0130LDE \u0130\u015eLER\u0130N\u0130 B\u0130T\u0130RM\u0130\u015e OLMANIN GURURU \u0130LE 2002 YILINDAN \u0130T\u0130BAREN SEKT\u00d6RDE H\u0130ZMET VERMEYE DEVAM ED\u0130YORUZ.<\/figcaption><\/figure>\n","protected":false},"excerpt":{"rendered":"<p>M\u00dc\u015eTER\u0130 B\u0130LG\u0130LER\u0130 \u0130\u015e YAPIM TAR\u0130H\u0130 YAPILAN \u0130\u015e CONRAD OTEL-BE\u015e\u0130KTA\u015e 2013 YILI END\u00dcSTR\u0130YEL DO\u011eALGAZ TAD\u0130LAT PROJES\u0130 V\u0130APORT VANEZ\u0130A-HD \u0130SKENDER KARTAL 2014 YILI END\u00dcSTR\u0130YEL DO\u011eALGAZ TAD\u0130LAT PROJES\u0130 [&#8230;]<\/p>\n","protected":false},"author":1,"featured_media":0,"parent":0,"menu_order":0,"comment_status":"closed","ping_status":"closed","template":"","meta":{"footnotes":""},"class_list":["post-106","page","type-page","status-publish","hentry"],"_links":{"self":[{"href":"https:\/\/xn--atikmhendislik-ksb.com\/index.php\/wp-json\/wp\/v2\/pages\/106","targetHints":{"allow":["GET"]}}],"collection":[{"href":"https:\/\/xn--atikmhendislik-ksb.com\/index.php\/wp-json\/wp\/v2\/pages"}],"about":[{"href":"https:\/\/xn--atikmhendislik-ksb.com\/index.php\/wp-json\/wp\/v2\/types\/page"}],"author":[{"embeddable":true,"href":"https:\/\/xn--atikmhendislik-ksb.com\/index.php\/wp-json\/wp\/v2\/users\/1"}],"replies":[{"embeddable":true,"href":"https:\/\/xn--atikmhendislik-ksb.com\/index.php\/wp-json\/wp\/v2\/comments?post=106"}],"version-history":[{"count":4,"href":"https:\/\/xn--atikmhendislik-ksb.com\/index.php\/wp-json\/wp\/v2\/pages\/106\/revisions"}],"predecessor-version":[{"id":1012,"href":"https:\/\/xn--atikmhendislik-ksb.com\/index.php\/wp-json\/wp\/v2\/pages\/106\/revisions\/1012"}],"wp:attachment":[{"href":"https:\/\/xn--atikmhendislik-ksb.com\/index.php\/wp-json\/wp\/v2\/media?parent=106"}],"curies":[{"name":"wp","href":"https:\/\/api.w.org\/{rel}","templated":true}]}}