{"id":105,"date":"2021-02-25T23:53:15","date_gmt":"2021-02-25T20:53:15","guid":{"rendered":"http:\/\/xn--atikmhendislik-ksb.com\/?page_id=105"},"modified":"2021-06-03T16:49:48","modified_gmt":"2021-06-03T13:49:48","slug":"hakkimizda-2","status":"publish","type":"page","link":"https:\/\/xn--atikmhendislik-ksb.com\/index.php\/hakkimizda-2\/","title":{"rendered":"HAKKIMIZDA"},"content":{"rendered":"\n<p><\/p>\n\n\n\n<p><strong>2002 Y\u0131l\u0131ndan itibaren Do\u011falgaz Tesisat Sekt\u00f6r\u00fcnde<\/strong><\/p>\n\n\n\n<p><strong>\u00c7al\u0131\u015farak Tecr\u00fcbe Kazanmam\u0131z neticesinde,<\/strong><\/p>\n\n\n\n<p><strong>Bu tecr\u00fcbe ve bilgi birikimimiz ile 2021 Y\u0131l\u0131nda &#8221;AT\u0130K&nbsp;M\u00fchendislik&#8221;<\/strong><\/p>\n\n\n\n<p><strong>isimli Firmam\u0131z\u0131 kurmu\u015f bulunmaktay\u0131z.<\/strong><\/p>\n\n\n\n<p><strong>\u00d6nceli\u011fimiz m\u00fc\u015fteri memnuniyetini sa\u011flamakt\u0131r &nbsp;<\/strong><\/p>\n\n\n\n<p><strong>M\u00fc\u015fterilerimize en iyi hizmeti vermektir. Do\u011fruluk ve D\u00fcr\u00fcstl\u00fck \u00e7er\u00e7evesi i\u00e7erisinde, en iyi ve en kaliteli Hizmeti Sunmaya \u00e7al\u0131\u015faca\u011f\u0131m\u0131z\u0131 m\u00fc\u015fterilerimize Taahh\u00fct etmekteyiz.<\/strong><\/p>\n\n\n\n<p><strong>Ekiplerimiz ve \u00e7al\u0131\u015fanlar\u0131m\u0131z\u0131 bu do\u011frultuda e\u011fitimler verilerek i\u015f planlar\u0131m\u0131z ve i\u015f disiplinimizi Kalitemizi ispatlayaca\u011f\u0131z.<\/strong><\/p>\n\n\n\n<p><strong>Sekt\u00f6rde Marka olmak i\u00e7in t\u00fcm enerjimizi verece\u011fiz<\/strong>.<\/p>\n\n\n\n<figure class=\"wp-block-gallery columns-3 is-cropped wp-block-gallery-1 is-layout-flex wp-block-gallery-is-layout-flex\"><ul class=\"blocks-gallery-grid\"><li class=\"blocks-gallery-item\"><figure><a href=\"http:\/\/xn--atikmhendislik-ksb.com\/index.php\/hakkimizda-2\/whatsapp-image-2021-06-03-at-12-15-50\/\"><img loading=\"lazy\" decoding=\"async\" width=\"750\" height=\"1000\" src=\"http:\/\/xn--atikmhendislik-ksb.com\/wp-content\/uploads\/2021\/06\/WhatsApp-Image-2021-06-03-at-12.15.50.jpeg\" alt=\"\" data-id=\"614\" data-link=\"http:\/\/xn--atikmhendislik-ksb.com\/index.php\/hakkimizda-2\/whatsapp-image-2021-06-03-at-12-15-50\/\" class=\"wp-image-614\" srcset=\"https:\/\/xn--atikmhendislik-ksb.com\/wp-content\/uploads\/2021\/06\/WhatsApp-Image-2021-06-03-at-12.15.50.jpeg 750w, https:\/\/xn--atikmhendislik-ksb.com\/wp-content\/uploads\/2021\/06\/WhatsApp-Image-2021-06-03-at-12.15.50-225x300.jpeg 225w\" sizes=\"auto, (max-width: 750px) 100vw, 750px\" \/><\/a><\/figure><\/li><li class=\"blocks-gallery-item\"><figure><a href=\"http:\/\/xn--atikmhendislik-ksb.com\/index.php\/hakkimizda-2\/whatsapp-image-2021-06-03-at-12-15-51-1\/\"><img loading=\"lazy\" decoding=\"async\" width=\"1024\" height=\"575\" src=\"http:\/\/xn--atikmhendislik-ksb.com\/wp-content\/uploads\/2021\/06\/WhatsApp-Image-2021-06-03-at-12.15.51-1-1024x575.jpeg\" alt=\"\" data-id=\"615\" data-link=\"http:\/\/xn--atikmhendislik-ksb.com\/index.php\/hakkimizda-2\/whatsapp-image-2021-06-03-at-12-15-51-1\/\" class=\"wp-image-615\" srcset=\"https:\/\/xn--atikmhendislik-ksb.com\/wp-content\/uploads\/2021\/06\/WhatsApp-Image-2021-06-03-at-12.15.51-1-1024x575.jpeg 1024w, https:\/\/xn--atikmhendislik-ksb.com\/wp-content\/uploads\/2021\/06\/WhatsApp-Image-2021-06-03-at-12.15.51-1-300x168.jpeg 300w, https:\/\/xn--atikmhendislik-ksb.com\/wp-content\/uploads\/2021\/06\/WhatsApp-Image-2021-06-03-at-12.15.51-1-768x431.jpeg 768w, https:\/\/xn--atikmhendislik-ksb.com\/wp-content\/uploads\/2021\/06\/WhatsApp-Image-2021-06-03-at-12.15.51-1-1536x862.jpeg 1536w, https:\/\/xn--atikmhendislik-ksb.com\/wp-content\/uploads\/2021\/06\/WhatsApp-Image-2021-06-03-at-12.15.51-1.jpeg 1600w\" sizes=\"auto, (max-width: 1024px) 100vw, 1024px\" \/><\/a><\/figure><\/li><li class=\"blocks-gallery-item\"><figure><a href=\"http:\/\/xn--atikmhendislik-ksb.com\/index.php\/hakkimizda-2\/whatsapp-image-2021-06-03-at-12-15-51\/\"><img loading=\"lazy\" decoding=\"async\" width=\"1024\" height=\"575\" src=\"http:\/\/xn--atikmhendislik-ksb.com\/wp-content\/uploads\/2021\/06\/WhatsApp-Image-2021-06-03-at-12.15.51-1024x575.jpeg\" alt=\"\" data-id=\"616\" data-link=\"http:\/\/xn--atikmhendislik-ksb.com\/index.php\/hakkimizda-2\/whatsapp-image-2021-06-03-at-12-15-51\/\" class=\"wp-image-616\" srcset=\"https:\/\/xn--atikmhendislik-ksb.com\/wp-content\/uploads\/2021\/06\/WhatsApp-Image-2021-06-03-at-12.15.51-1024x575.jpeg 1024w, https:\/\/xn--atikmhendislik-ksb.com\/wp-content\/uploads\/2021\/06\/WhatsApp-Image-2021-06-03-at-12.15.51-300x168.jpeg 300w, https:\/\/xn--atikmhendislik-ksb.com\/wp-content\/uploads\/2021\/06\/WhatsApp-Image-2021-06-03-at-12.15.51-768x431.jpeg 768w, https:\/\/xn--atikmhendislik-ksb.com\/wp-content\/uploads\/2021\/06\/WhatsApp-Image-2021-06-03-at-12.15.51-1536x862.jpeg 1536w, https:\/\/xn--atikmhendislik-ksb.com\/wp-content\/uploads\/2021\/06\/WhatsApp-Image-2021-06-03-at-12.15.51.jpeg 1600w\" sizes=\"auto, (max-width: 1024px) 100vw, 1024px\" \/><\/a><\/figure><\/li><li class=\"blocks-gallery-item\"><figure><a href=\"http:\/\/xn--atikmhendislik-ksb.com\/index.php\/hakkimizda-2\/whatsapp-image-2021-06-03-at-12-21-16-1\/\"><img loading=\"lazy\" decoding=\"async\" width=\"1024\" height=\"768\" src=\"http:\/\/xn--atikmhendislik-ksb.com\/wp-content\/uploads\/2021\/06\/WhatsApp-Image-2021-06-03-at-12.21.16-1-1024x768.jpeg\" alt=\"\" data-id=\"617\" data-link=\"http:\/\/xn--atikmhendislik-ksb.com\/index.php\/hakkimizda-2\/whatsapp-image-2021-06-03-at-12-21-16-1\/\" class=\"wp-image-617\" srcset=\"https:\/\/xn--atikmhendislik-ksb.com\/wp-content\/uploads\/2021\/06\/WhatsApp-Image-2021-06-03-at-12.21.16-1-1024x768.jpeg 1024w, https:\/\/xn--atikmhendislik-ksb.com\/wp-content\/uploads\/2021\/06\/WhatsApp-Image-2021-06-03-at-12.21.16-1-300x225.jpeg 300w, https:\/\/xn--atikmhendislik-ksb.com\/wp-content\/uploads\/2021\/06\/WhatsApp-Image-2021-06-03-at-12.21.16-1-768x576.jpeg 768w, https:\/\/xn--atikmhendislik-ksb.com\/wp-content\/uploads\/2021\/06\/WhatsApp-Image-2021-06-03-at-12.21.16-1-1536x1152.jpeg 1536w, https:\/\/xn--atikmhendislik-ksb.com\/wp-content\/uploads\/2021\/06\/WhatsApp-Image-2021-06-03-at-12.21.16-1.jpeg 1600w\" sizes=\"auto, (max-width: 1024px) 100vw, 1024px\" \/><\/a><\/figure><\/li><li class=\"blocks-gallery-item\"><figure><a href=\"http:\/\/xn--atikmhendislik-ksb.com\/index.php\/hakkimizda-2\/whatsapp-image-2021-06-03-at-12-38-43\/\"><img loading=\"lazy\" decoding=\"async\" width=\"1024\" height=\"576\" src=\"http:\/\/xn--atikmhendislik-ksb.com\/wp-content\/uploads\/2021\/06\/WhatsApp-Image-2021-06-03-at-12.38.43-1024x576.jpeg\" alt=\"\" data-id=\"618\" data-link=\"http:\/\/xn--atikmhendislik-ksb.com\/index.php\/hakkimizda-2\/whatsapp-image-2021-06-03-at-12-38-43\/\" class=\"wp-image-618\" srcset=\"https:\/\/xn--atikmhendislik-ksb.com\/wp-content\/uploads\/2021\/06\/WhatsApp-Image-2021-06-03-at-12.38.43-1024x576.jpeg 1024w, https:\/\/xn--atikmhendislik-ksb.com\/wp-content\/uploads\/2021\/06\/WhatsApp-Image-2021-06-03-at-12.38.43-300x169.jpeg 300w, https:\/\/xn--atikmhendislik-ksb.com\/wp-content\/uploads\/2021\/06\/WhatsApp-Image-2021-06-03-at-12.38.43-768x432.jpeg 768w, https:\/\/xn--atikmhendislik-ksb.com\/wp-content\/uploads\/2021\/06\/WhatsApp-Image-2021-06-03-at-12.38.43-1536x864.jpeg 1536w, https:\/\/xn--atikmhendislik-ksb.com\/wp-content\/uploads\/2021\/06\/WhatsApp-Image-2021-06-03-at-12.38.43.jpeg 1600w\" sizes=\"auto, (max-width: 1024px) 100vw, 1024px\" \/><\/a><\/figure><\/li><li class=\"blocks-gallery-item\"><figure><a href=\"http:\/\/xn--atikmhendislik-ksb.com\/index.php\/hakkimizda-2\/whatsapp-image-2021-06-03-at-12-39-28\/\"><img loading=\"lazy\" decoding=\"async\" width=\"1024\" height=\"576\" src=\"http:\/\/xn--atikmhendislik-ksb.com\/wp-content\/uploads\/2021\/06\/WhatsApp-Image-2021-06-03-at-12.39.28-1024x576.jpeg\" alt=\"\" data-id=\"619\" data-link=\"http:\/\/xn--atikmhendislik-ksb.com\/index.php\/hakkimizda-2\/whatsapp-image-2021-06-03-at-12-39-28\/\" class=\"wp-image-619\" srcset=\"https:\/\/xn--atikmhendislik-ksb.com\/wp-content\/uploads\/2021\/06\/WhatsApp-Image-2021-06-03-at-12.39.28-1024x576.jpeg 1024w, https:\/\/xn--atikmhendislik-ksb.com\/wp-content\/uploads\/2021\/06\/WhatsApp-Image-2021-06-03-at-12.39.28-300x169.jpeg 300w, https:\/\/xn--atikmhendislik-ksb.com\/wp-content\/uploads\/2021\/06\/WhatsApp-Image-2021-06-03-at-12.39.28-768x432.jpeg 768w, https:\/\/xn--atikmhendislik-ksb.com\/wp-content\/uploads\/2021\/06\/WhatsApp-Image-2021-06-03-at-12.39.28-1536x864.jpeg 1536w, https:\/\/xn--atikmhendislik-ksb.com\/wp-content\/uploads\/2021\/06\/WhatsApp-Image-2021-06-03-at-12.39.28.jpeg 1600w\" sizes=\"auto, (max-width: 1024px) 100vw, 1024px\" \/><\/a><\/figure><\/li><li class=\"blocks-gallery-item\"><figure><a href=\"http:\/\/xn--atikmhendislik-ksb.com\/index.php\/hakkimizda-2\/whatsapp-image-2021-06-03-at-12-40-13\/\"><img loading=\"lazy\" decoding=\"async\" width=\"1024\" height=\"576\" src=\"http:\/\/xn--atikmhendislik-ksb.com\/wp-content\/uploads\/2021\/06\/WhatsApp-Image-2021-06-03-at-12.40.13-1024x576.jpeg\" alt=\"\" data-id=\"620\" data-link=\"http:\/\/xn--atikmhendislik-ksb.com\/index.php\/hakkimizda-2\/whatsapp-image-2021-06-03-at-12-40-13\/\" class=\"wp-image-620\" srcset=\"https:\/\/xn--atikmhendislik-ksb.com\/wp-content\/uploads\/2021\/06\/WhatsApp-Image-2021-06-03-at-12.40.13-1024x576.jpeg 1024w, https:\/\/xn--atikmhendislik-ksb.com\/wp-content\/uploads\/2021\/06\/WhatsApp-Image-2021-06-03-at-12.40.13-300x169.jpeg 300w, https:\/\/xn--atikmhendislik-ksb.com\/wp-content\/uploads\/2021\/06\/WhatsApp-Image-2021-06-03-at-12.40.13-768x432.jpeg 768w, https:\/\/xn--atikmhendislik-ksb.com\/wp-content\/uploads\/2021\/06\/WhatsApp-Image-2021-06-03-at-12.40.13-1536x864.jpeg 1536w, https:\/\/xn--atikmhendislik-ksb.com\/wp-content\/uploads\/2021\/06\/WhatsApp-Image-2021-06-03-at-12.40.13.jpeg 1600w\" sizes=\"auto, (max-width: 1024px) 100vw, 1024px\" \/><\/a><\/figure><\/li><li class=\"blocks-gallery-item\"><figure><a href=\"http:\/\/xn--atikmhendislik-ksb.com\/index.php\/hakkimizda-2\/whatsapp-image-2021-06-03-at-12-40-44\/\"><img loading=\"lazy\" decoding=\"async\" width=\"1024\" height=\"576\" src=\"http:\/\/xn--atikmhendislik-ksb.com\/wp-content\/uploads\/2021\/06\/WhatsApp-Image-2021-06-03-at-12.40.44-1024x576.jpeg\" alt=\"\" data-id=\"621\" data-link=\"http:\/\/xn--atikmhendislik-ksb.com\/index.php\/hakkimizda-2\/whatsapp-image-2021-06-03-at-12-40-44\/\" class=\"wp-image-621\" srcset=\"https:\/\/xn--atikmhendislik-ksb.com\/wp-content\/uploads\/2021\/06\/WhatsApp-Image-2021-06-03-at-12.40.44-1024x576.jpeg 1024w, https:\/\/xn--atikmhendislik-ksb.com\/wp-content\/uploads\/2021\/06\/WhatsApp-Image-2021-06-03-at-12.40.44-300x169.jpeg 300w, https:\/\/xn--atikmhendislik-ksb.com\/wp-content\/uploads\/2021\/06\/WhatsApp-Image-2021-06-03-at-12.40.44-768x432.jpeg 768w, https:\/\/xn--atikmhendislik-ksb.com\/wp-content\/uploads\/2021\/06\/WhatsApp-Image-2021-06-03-at-12.40.44-1536x864.jpeg 1536w, https:\/\/xn--atikmhendislik-ksb.com\/wp-content\/uploads\/2021\/06\/WhatsApp-Image-2021-06-03-at-12.40.44.jpeg 1600w\" sizes=\"auto, (max-width: 1024px) 100vw, 1024px\" \/><\/a><\/figure><\/li><li class=\"blocks-gallery-item\"><figure><a href=\"http:\/\/xn--atikmhendislik-ksb.com\/index.php\/hakkimizda-2\/whatsapp-image-2021-06-03-at-12-41-18\/\"><img loading=\"lazy\" decoding=\"async\" width=\"1024\" height=\"576\" src=\"http:\/\/xn--atikmhendislik-ksb.com\/wp-content\/uploads\/2021\/06\/WhatsApp-Image-2021-06-03-at-12.41.18-1024x576.jpeg\" alt=\"\" data-id=\"622\" data-link=\"http:\/\/xn--atikmhendislik-ksb.com\/index.php\/hakkimizda-2\/whatsapp-image-2021-06-03-at-12-41-18\/\" class=\"wp-image-622\" srcset=\"https:\/\/xn--atikmhendislik-ksb.com\/wp-content\/uploads\/2021\/06\/WhatsApp-Image-2021-06-03-at-12.41.18-1024x576.jpeg 1024w, https:\/\/xn--atikmhendislik-ksb.com\/wp-content\/uploads\/2021\/06\/WhatsApp-Image-2021-06-03-at-12.41.18-300x169.jpeg 300w, https:\/\/xn--atikmhendislik-ksb.com\/wp-content\/uploads\/2021\/06\/WhatsApp-Image-2021-06-03-at-12.41.18-768x432.jpeg 768w, https:\/\/xn--atikmhendislik-ksb.com\/wp-content\/uploads\/2021\/06\/WhatsApp-Image-2021-06-03-at-12.41.18-1536x864.jpeg 1536w, https:\/\/xn--atikmhendislik-ksb.com\/wp-content\/uploads\/2021\/06\/WhatsApp-Image-2021-06-03-at-12.41.18.jpeg 1600w\" sizes=\"auto, (max-width: 1024px) 100vw, 1024px\" \/><\/a><\/figure><\/li><li class=\"blocks-gallery-item\"><figure><a href=\"http:\/\/xn--atikmhendislik-ksb.com\/index.php\/hakkimizda-2\/whatsapp-image-2021-06-03-at-15-27-11\/\"><img loading=\"lazy\" decoding=\"async\" width=\"1024\" height=\"768\" src=\"http:\/\/xn--atikmhendislik-ksb.com\/wp-content\/uploads\/2021\/06\/WhatsApp-Image-2021-06-03-at-15.27.11-1024x768.jpeg\" alt=\"\" data-id=\"669\" data-full-url=\"http:\/\/xn--atikmhendislik-ksb.com\/wp-content\/uploads\/2021\/06\/WhatsApp-Image-2021-06-03-at-15.27.11.jpeg\" data-link=\"http:\/\/xn--atikmhendislik-ksb.com\/index.php\/hakkimizda-2\/whatsapp-image-2021-06-03-at-15-27-11\/\" class=\"wp-image-669\" srcset=\"https:\/\/xn--atikmhendislik-ksb.com\/wp-content\/uploads\/2021\/06\/WhatsApp-Image-2021-06-03-at-15.27.11-1024x768.jpeg 1024w, https:\/\/xn--atikmhendislik-ksb.com\/wp-content\/uploads\/2021\/06\/WhatsApp-Image-2021-06-03-at-15.27.11-300x225.jpeg 300w, https:\/\/xn--atikmhendislik-ksb.com\/wp-content\/uploads\/2021\/06\/WhatsApp-Image-2021-06-03-at-15.27.11-768x576.jpeg 768w, https:\/\/xn--atikmhendislik-ksb.com\/wp-content\/uploads\/2021\/06\/WhatsApp-Image-2021-06-03-at-15.27.11-1536x1152.jpeg 1536w, https:\/\/xn--atikmhendislik-ksb.com\/wp-content\/uploads\/2021\/06\/WhatsApp-Image-2021-06-03-at-15.27.11.jpeg 1600w\" sizes=\"auto, (max-width: 1024px) 100vw, 1024px\" \/><\/a><\/figure><\/li><\/ul><\/figure>\n","protected":false},"excerpt":{"rendered":"<p>2002 Y\u0131l\u0131ndan itibaren Do\u011falgaz Tesisat Sekt\u00f6r\u00fcnde \u00c7al\u0131\u015farak Tecr\u00fcbe Kazanmam\u0131z neticesinde, Bu tecr\u00fcbe ve bilgi birikimimiz ile 2021 Y\u0131l\u0131nda &#8221;AT\u0130K&nbsp;M\u00fchendislik&#8221; isimli Firmam\u0131z\u0131 kurmu\u015f bulunmaktay\u0131z. \u00d6nceli\u011fimiz m\u00fc\u015fteri [&#8230;]<\/p>\n","protected":false},"author":1,"featured_media":0,"parent":0,"menu_order":0,"comment_status":"closed","ping_status":"closed","template":"","meta":{"footnotes":""},"class_list":["post-105","page","type-page","status-publish","hentry"],"_links":{"self":[{"href":"https:\/\/xn--atikmhendislik-ksb.com\/index.php\/wp-json\/wp\/v2\/pages\/105","targetHints":{"allow":["GET"]}}],"collection":[{"href":"https:\/\/xn--atikmhendislik-ksb.com\/index.php\/wp-json\/wp\/v2\/pages"}],"about":[{"href":"https:\/\/xn--atikmhendislik-ksb.com\/index.php\/wp-json\/wp\/v2\/types\/page"}],"author":[{"embeddable":true,"href":"https:\/\/xn--atikmhendislik-ksb.com\/index.php\/wp-json\/wp\/v2\/users\/1"}],"replies":[{"embeddable":true,"href":"https:\/\/xn--atikmhendislik-ksb.com\/index.php\/wp-json\/wp\/v2\/comments?post=105"}],"version-history":[{"count":4,"href":"https:\/\/xn--atikmhendislik-ksb.com\/index.php\/wp-json\/wp\/v2\/pages\/105\/revisions"}],"predecessor-version":[{"id":670,"href":"https:\/\/xn--atikmhendislik-ksb.com\/index.php\/wp-json\/wp\/v2\/pages\/105\/revisions\/670"}],"wp:attachment":[{"href":"https:\/\/xn--atikmhendislik-ksb.com\/index.php\/wp-json\/wp\/v2\/media?parent=105"}],"curies":[{"name":"wp","href":"https:\/\/api.w.org\/{rel}","templated":true}]}}